{"id":174,"date":"2023-10-07T20:35:40","date_gmt":"2023-10-07T20:35:40","guid":{"rendered":"https:\/\/brandertools.com\/inicio\/?post_type=product&#038;p=174"},"modified":"2023-11-22T19:06:32","modified_gmt":"2023-11-22T19:06:32","slug":"estacion-de-marcaje-industrial-neumatica","status":"publish","type":"product","link":"https:\/\/brandertools.com\/inicio\/product\/estacion-de-marcaje-industrial-neumatica\/","title":{"rendered":"Estaci\u00f3n de Marcaje Industrial Neum\u00e1tica"},"content":{"rendered":"<p>Incremente la productividad y evite la fatiga del operador, con esta estaci\u00f3n neum\u00e1tica de marcaje con calor.<\/p>\n<p>Su resistencia de alta concentraci\u00f3n y construcci\u00f3n de acero, la convierten en la herramienta perfecta para largas jornadas de trabajo.<\/p>\n<h2 id=\"tablepress-8-name\" class=\"tablepress-table-name tablepress-table-name-id-8\">Ficha T\u00e9cnica Estaci\u00f3n Industrial Neum\u00e1tica 220V<\/h2>\n\n<table id=\"tablepress-8\" class=\"tablepress tablepress-id-8 tbody-has-connected-cells\" aria-labelledby=\"tablepress-8-name\">\n<tbody class=\"row-striping row-hover\">\n<tr class=\"row-1\">\n\t<td colspan=\"2\" class=\"column-1\"><img decoding=\"async\" src=\"http:\/\/brandertools.com\/inicio\/wp-content\/uploads\/2023\/10\/estacion_ht_3-150x150.jpg\" alt=\"Estaci\u00f3n de Marcaje Industrial Neum\u00e1tica\" width=\"150\" height=\"150\" class=\"size-thumbnail wp-image-150\" srcset=\"https:\/\/brandertools.com\/inicio\/wp-content\/uploads\/2023\/10\/estacion_ht_3-150x150.jpg 150w, https:\/\/brandertools.com\/inicio\/wp-content\/uploads\/2023\/10\/estacion_ht_3-300x300.jpg 300w, https:\/\/brandertools.com\/inicio\/wp-content\/uploads\/2023\/10\/estacion_ht_3-100x100.jpg 100w\" sizes=\"(max-width: 150px) 100vw, 150px\" \/><\/td>\n<\/tr>\n<tr class=\"row-2\">\n\t<td class=\"column-1\">Peso<\/td><td class=\"column-2\">#.## kg<\/td>\n<\/tr>\n<tr class=\"row-3\">\n\t<td class=\"column-1\">Medidas generales<\/td><td class=\"column-2\">###mm x ###mm x ###mm<\/td>\n<\/tr>\n<tr class=\"row-4\">\n\t<td class=\"column-1\">\u00c1rea est\u00e1ndar del troquel<\/td><td class=\"column-2\">4.5\u2033 x 2\u2033 (11.4cm x 5cm) Personalizable<\/td>\n<\/tr>\n<tr class=\"row-5\">\n\t<td class=\"column-1\">Profundidad de grabado de troquel<\/td><td class=\"column-2\">2mm<\/td>\n<\/tr>\n<tr class=\"row-6\">\n\t<td class=\"column-1\">Tipo de cable el\u00e9ctrico<\/td><td class=\"column-2\">Uso rudo de 3 lineas, calibre 14.<\/td>\n<\/tr>\n<tr class=\"row-7\">\n\t<td class=\"column-1\">Longitud de cable el\u00e9ctrico<\/td><td class=\"column-2\">#.## m<\/td>\n<\/tr>\n<tr class=\"row-8\">\n\t<td class=\"column-1\">Conector el\u00e9ctrico<\/td><td class=\"column-2\">Plug Tipo B<\/td>\n<\/tr>\n<tr class=\"row-9\">\n\t<td class=\"column-1\">Potencia<\/td><td class=\"column-2\">500W<\/td>\n<\/tr>\n<tr class=\"row-10\">\n\t<td class=\"column-1\">Tensi\u00f3n<\/td><td class=\"column-2\">220V~240V<\/td>\n<\/tr>\n<tr class=\"row-11\">\n\t<td class=\"column-1\">Conector neum\u00e1tico<\/td><td class=\"column-2\">#######<\/td>\n<\/tr>\n<tr class=\"row-12\">\n\t<td class=\"column-1\">Longitud manguera neum\u00e1tica<\/td><td class=\"column-2\">#.## m<\/td>\n<\/tr>\n<tr class=\"row-13\">\n\t<td class=\"column-1\">Presi\u00f3n neum\u00e1tica operativa (Min|Max)<\/td><td class=\"column-2\">75psi | 200psi<\/td>\n<\/tr>\n<tr class=\"row-14\">\n\t<td class=\"column-1\">Compresor recomendado<\/td><td class=\"column-2\">1HP 50lts <\/td>\n<\/tr>\n<tr class=\"row-15\">\n\t<td class=\"column-1\">Consumibles<\/td><td class=\"column-2\">Resistencia tipo cartucho de 500W<\/td>\n<\/tr>\n<tr class=\"row-16\">\n\t<td class=\"column-1\"><h4>Tiempo de calentamiento<\/h4><\/td><td class=\"column-2\"><h4>Temperatura alcanzada previo al uso<\/h4><\/td>\n<\/tr>\n<tr class=\"row-17\">\n\t<td class=\"column-1\">5 minutos<\/td><td class=\"column-2\">160\u00baC<\/td>\n<\/tr>\n<tr class=\"row-18\">\n\t<td class=\"column-1\">10 minutos<\/td><td class=\"column-2\">230\u00baC<\/td>\n<\/tr>\n<tr class=\"row-19\">\n\t<td class=\"column-1\">15 minutos<\/td><td class=\"column-2\">300\u00baC<\/td>\n<\/tr>\n<tr class=\"row-20\">\n\t<td class=\"column-1\">Temperatura m\u00e1xima<\/td><td class=\"column-2\">330\u00baC<\/td>\n<\/tr>\n<tr class=\"row-21\">\n\t<td class=\"column-1\"><h4>Aplicaciones<\/h4><\/td><td class=\"column-2\"><h4>Recomendaci\u00f3n<\/h4><\/td>\n<\/tr>\n<tr class=\"row-22\">\n\t<td class=\"column-1\">Plastico delgado\t<\/td><td class=\"column-2\">\u274c NO<br \/>\n<\/td>\n<\/tr>\n<tr class=\"row-23\">\n\t<td class=\"column-1\">Plastico grueso\t<\/td><td class=\"column-2\">\u26a0\ufe0f CON POTENCIOMETRO<br \/>\n<\/td>\n<\/tr>\n<tr class=\"row-24\">\n\t<td class=\"column-1\">Maderas claras<\/td><td class=\"column-2\">\u2705 SI<\/td>\n<\/tr>\n<tr class=\"row-25\">\n\t<td class=\"column-1\">Maderas obscuras<\/td><td class=\"column-2\">\u2705 SI<\/td>\n<\/tr>\n<tr class=\"row-26\">\n\t<td class=\"column-1\">Maderas h\u00famedas<\/td><td class=\"column-2\">\u2705 SI<\/td>\n<\/tr>\n<tr class=\"row-27\">\n\t<td class=\"column-1\">Tela Sint\u00e9tica<\/td><td class=\"column-2\">\u274c NO<\/td>\n<\/tr>\n<tr class=\"row-28\">\n\t<td class=\"column-1\">Tela Natural<\/td><td class=\"column-2\">\u26a0\ufe0f CON POTENCIOMETRO<br \/>\n<\/td>\n<\/tr>\n<tr class=\"row-29\">\n\t<td class=\"column-1\">Cuero<\/td><td class=\"column-2\">\u2705 SI<\/td>\n<\/tr>\n<\/tbody>\n<\/table>\n<!-- #tablepress-8 from cache -->\n<p>&nbsp;<\/p>\n","protected":false},"excerpt":{"rendered":"<p>Maquina prensadora neum\u00e1tica industrial para marcaje preciso y repetitivo sobre madera, pl\u00e1stico, alimentos y textiles.<\/p>\n","protected":false},"featured_media":149,"comment_status":"open","ping_status":"closed","template":"","meta":{"_joinchat":[]},"product_brand":[],"product_cat":[30,23],"product_tag":[],"class_list":{"0":"post-174","1":"product","2":"type-product","3":"status-publish","4":"has-post-thumbnail","6":"product_cat-220-voltios","7":"product_cat-estaciones","9":"first","10":"instock","11":"featured","12":"shipping-taxable","13":"product-type-simple"},"_links":{"self":[{"href":"https:\/\/brandertools.com\/inicio\/wp-json\/wp\/v2\/product\/174","targetHints":{"allow":["GET"]}}],"collection":[{"href":"https:\/\/brandertools.com\/inicio\/wp-json\/wp\/v2\/product"}],"about":[{"href":"https:\/\/brandertools.com\/inicio\/wp-json\/wp\/v2\/types\/product"}],"replies":[{"embeddable":true,"href":"https:\/\/brandertools.com\/inicio\/wp-json\/wp\/v2\/comments?post=174"}],"wp:featuredmedia":[{"embeddable":true,"href":"https:\/\/brandertools.com\/inicio\/wp-json\/wp\/v2\/media\/149"}],"wp:attachment":[{"href":"https:\/\/brandertools.com\/inicio\/wp-json\/wp\/v2\/media?parent=174"}],"wp:term":[{"taxonomy":"product_brand","embeddable":true,"href":"https:\/\/brandertools.com\/inicio\/wp-json\/wp\/v2\/product_brand?post=174"},{"taxonomy":"product_cat","embeddable":true,"href":"https:\/\/brandertools.com\/inicio\/wp-json\/wp\/v2\/product_cat?post=174"},{"taxonomy":"product_tag","embeddable":true,"href":"https:\/\/brandertools.com\/inicio\/wp-json\/wp\/v2\/product_tag?post=174"}],"curies":[{"name":"wp","href":"https:\/\/api.w.org\/{rel}","templated":true}]}}