{"id":173,"date":"2023-10-07T20:33:05","date_gmt":"2023-10-07T20:33:05","guid":{"rendered":"https:\/\/brandertools.com\/inicio\/?post_type=product&#038;p=173"},"modified":"2023-10-07T20:33:05","modified_gmt":"2023-10-07T20:33:05","slug":"estacion-de-marcaje-fino-hot-stamping","status":"publish","type":"product","link":"https:\/\/brandertools.com\/inicio\/product\/estacion-de-marcaje-fino-hot-stamping\/","title":{"rendered":"Estaci\u00f3n de Marcaje Fino Hot Stamping"},"content":{"rendered":"<p>M\u00e1quina de termo-impresi\u00f3n de uso industrial, equipada con un termostato digital, para trabajos m\u00e1s precisos en ropa, tela, cuero, piezas de pl\u00e1stico y madera, ideal para grabados con papel foil para tener un acabado m\u00e1s llamativo sobre el marcado.<\/p>\n<p>La herramienta incluye un troquel con tu dise\u00f1o de 4.5 x 4.5 cm \u00f3 7 x 3 cm.<\/p>\n<p><strong>El troquel es intercambiable.<\/strong>\u00a0Cada troquel extra cuesta una fracci\u00f3n del precio de la herramienta.<\/p>\n<p>Tiempo de entrega: 2 semanas<br \/>\nUrgencia en 1 semana (costo extra)<\/p>\n<table>\n<tbody>\n<tr>\n<td>\u00c1rea de calentamiento<\/td>\n<td>8 x 10cm<\/td>\n<\/tr>\n<tr>\n<td>Peso aprox.<\/td>\n<td>5Kg<\/td>\n<\/tr>\n<tr>\n<td>Alimentaci\u00f3n<\/td>\n<td>110v<\/td>\n<\/tr>\n<tr>\n<td>Consumo<\/td>\n<td>300W<\/td>\n<\/tr>\n<tr>\n<td>Incluye<\/td>\n<td>\n<ul class=\"e-lista__componentes\">\n<li>Herramienta tipo prensa con 2 resistencias y controlador de temperatura digital.<\/li>\n<li>Troquel de lat\u00f3n de 7.5cm x 3cm \u00f3 4.5cm x 4.5cm, con 2mm de profundidad del grabado (\u00c1reas m\u00e1s grandes bajo cotizaci\u00f3n)<\/li>\n<\/ul>\n<\/td>\n<\/tr>\n<\/tbody>\n<\/table>\n","protected":false},"excerpt":{"rendered":"<p>Maquina prensadora de calor con foil opcional, para trabajos de alta producci\u00f3n.<\/p>\n","protected":false},"featured_media":130,"comment_status":"open","ping_status":"closed","template":"","meta":{"_joinchat":[]},"product_brand":[],"product_cat":[29,23],"product_tag":[],"class_list":{"0":"post-173","1":"product","2":"type-product","3":"status-publish","4":"has-post-thumbnail","6":"product_cat-110-voltios","7":"product_cat-estaciones","9":"first","10":"instock","11":"shipping-taxable","12":"product-type-simple"},"_links":{"self":[{"href":"https:\/\/brandertools.com\/inicio\/wp-json\/wp\/v2\/product\/173","targetHints":{"allow":["GET"]}}],"collection":[{"href":"https:\/\/brandertools.com\/inicio\/wp-json\/wp\/v2\/product"}],"about":[{"href":"https:\/\/brandertools.com\/inicio\/wp-json\/wp\/v2\/types\/product"}],"replies":[{"embeddable":true,"href":"https:\/\/brandertools.com\/inicio\/wp-json\/wp\/v2\/comments?post=173"}],"wp:featuredmedia":[{"embeddable":true,"href":"https:\/\/brandertools.com\/inicio\/wp-json\/wp\/v2\/media\/130"}],"wp:attachment":[{"href":"https:\/\/brandertools.com\/inicio\/wp-json\/wp\/v2\/media?parent=173"}],"wp:term":[{"taxonomy":"product_brand","embeddable":true,"href":"https:\/\/brandertools.com\/inicio\/wp-json\/wp\/v2\/product_brand?post=173"},{"taxonomy":"product_cat","embeddable":true,"href":"https:\/\/brandertools.com\/inicio\/wp-json\/wp\/v2\/product_cat?post=173"},{"taxonomy":"product_tag","embeddable":true,"href":"https:\/\/brandertools.com\/inicio\/wp-json\/wp\/v2\/product_tag?post=173"}],"curies":[{"name":"wp","href":"https:\/\/api.w.org\/{rel}","templated":true}]}}