{"id":172,"date":"2023-10-07T20:29:28","date_gmt":"2023-10-07T20:29:28","guid":{"rendered":"https:\/\/brandertools.com\/inicio\/?post_type=product&#038;p=172"},"modified":"2024-04-11T18:23:19","modified_gmt":"2024-04-11T18:23:19","slug":"sello-pirograbador-industrial-de-alta-potencia","status":"publish","type":"product","link":"https:\/\/brandertools.com\/inicio\/product\/sello-pirograbador-industrial-de-alta-potencia\/","title":{"rendered":"Sello Pirograbador Industrial de Alta Potencia 220V"},"content":{"rendered":"<p>Herramienta manual de uso industrial, que inici\u00f3 siendo dise\u00f1ado para marcar tarimas estufadas bajo la NOM-144-Semarnat-2004.<\/p>\n<p>Puede usarse para marcar todo tipo de empaques de madera \u00f3 pl\u00e1stico, donde se necesita vol\u00famenes de marcaje muy altos, y la versatilidad de una herramienta port\u00e1til.<\/p>\n<p>Incluye:<\/p>\n<ul class=\"e-lista__componentes\">\n<li>Resistencia el\u00e9ctrica de 500 watts (instalada)<\/li>\n<\/ul>\n<h2><\/h2>\n<h2>Manual de usuario<\/h2>\n<p><a href=\"https:\/\/brandertools.com\/inicio\/wp-content\/uploads\/2023\/10\/2024-04-manual_sello_industrial_220V.pdf\">Descargar &#8220;[2024-04] manual_sello_industrial_220V&#8221;<\/a><\/p>\n<p>&nbsp;<\/p>\n<h2 id=\"tablepress-2-name\" class=\"tablepress-table-name tablepress-table-name-id-2\">Ficha T\u00e9cnica Sello Industrial 220V<\/h2>\n\n<table id=\"tablepress-2\" class=\"tablepress tablepress-id-2 tbody-has-connected-cells\" aria-labelledby=\"tablepress-2-name\">\n<tbody class=\"row-striping row-hover\">\n<tr class=\"row-1\">\n\t<td colspan=\"2\" class=\"column-1\"><img decoding=\"async\" src=\"http:\/\/brandertools.com\/inicio\/wp-content\/uploads\/2023\/10\/2-150x150.png\" alt=\"Sello pirograbado industrial de alta potencia para tarimas\" width=\"150\" height=\"150\" class=\"size-thumbnail wp-image-310\" srcset=\"https:\/\/brandertools.com\/inicio\/wp-content\/uploads\/2023\/10\/2-150x150.png 150w, https:\/\/brandertools.com\/inicio\/wp-content\/uploads\/2023\/10\/2-300x300.png 300w, https:\/\/brandertools.com\/inicio\/wp-content\/uploads\/2023\/10\/2-1024x1024.png 1024w, https:\/\/brandertools.com\/inicio\/wp-content\/uploads\/2023\/10\/2-768x768.png 768w, https:\/\/brandertools.com\/inicio\/wp-content\/uploads\/2023\/10\/2-600x600.png 600w, https:\/\/brandertools.com\/inicio\/wp-content\/uploads\/2023\/10\/2-100x100.png 100w, https:\/\/brandertools.com\/inicio\/wp-content\/uploads\/2023\/10\/2.png 1080w\" sizes=\"(max-width: 150px) 100vw, 150px\" \/><\/td>\n<\/tr>\n<tr class=\"row-2\">\n\t<td class=\"column-1\">Peso<\/td><td class=\"column-2\">3.15 kg<\/td>\n<\/tr>\n<tr class=\"row-3\">\n\t<td class=\"column-1\">Medidas generales<\/td><td class=\"column-2\">240mm x 130mm x 400mm<\/td>\n<\/tr>\n<tr class=\"row-4\">\n\t<td class=\"column-1\">\u00c1rea est\u00e1ndar del troquel<\/td><td class=\"column-2\">4.5\u2033 x 2\u2033 (11.4cm x 5cm) Personalizable<\/td>\n<\/tr>\n<tr class=\"row-5\">\n\t<td class=\"column-1\">Profundidad de grabado de troquel<\/td><td class=\"column-2\">2mm<\/td>\n<\/tr>\n<tr class=\"row-6\">\n\t<td class=\"column-1\">Tipo de cable<\/td><td class=\"column-2\">Uso rudo de 3 lineas, calibre 14.<\/td>\n<\/tr>\n<tr class=\"row-7\">\n\t<td class=\"column-1\">Longitud de cable<\/td><td class=\"column-2\">3.00 m<\/td>\n<\/tr>\n<tr class=\"row-8\">\n\t<td class=\"column-1\">Conector el\u00e9ctrico<\/td><td class=\"column-2\">Plug Tipo B<\/td>\n<\/tr>\n<tr class=\"row-9\">\n\t<td class=\"column-1\">Potencia<\/td><td class=\"column-2\">500W<\/td>\n<\/tr>\n<tr class=\"row-10\">\n\t<td class=\"column-1\">Tensi\u00f3n<\/td><td class=\"column-2\">220V~240V<\/td>\n<\/tr>\n<tr class=\"row-11\">\n\t<td class=\"column-1\">Consumibles<\/td><td class=\"column-2\">Resistencia tipo cartucho de 500W<\/td>\n<\/tr>\n<tr class=\"row-12\">\n\t<td class=\"column-1\"><h4>Tiempo de calentamiento<\/h4><\/td><td class=\"column-2\"><h4>Temperatura alcanzada previo al uso<\/h4><\/td>\n<\/tr>\n<tr class=\"row-13\">\n\t<td class=\"column-1\">5 minutos<\/td><td class=\"column-2\">160\u00baC<\/td>\n<\/tr>\n<tr class=\"row-14\">\n\t<td class=\"column-1\">10 minutos<\/td><td class=\"column-2\">230\u00baC<\/td>\n<\/tr>\n<tr class=\"row-15\">\n\t<td class=\"column-1\">15 minutos<\/td><td class=\"column-2\">300\u00baC<\/td>\n<\/tr>\n<tr class=\"row-16\">\n\t<td class=\"column-1\">Temperatura m\u00e1xima<\/td><td class=\"column-2\">330\u00baC<\/td>\n<\/tr>\n<tr class=\"row-17\">\n\t<td class=\"column-1\"><h4>Aplicaciones<\/h4><\/td><td class=\"column-2\"><h4>Recomendaci\u00f3n<\/h4><\/td>\n<\/tr>\n<tr class=\"row-18\">\n\t<td class=\"column-1\">Plastico delgado\t<\/td><td class=\"column-2\">\u274c NO<br \/>\n<\/td>\n<\/tr>\n<tr class=\"row-19\">\n\t<td class=\"column-1\">Plastico grueso\t<\/td><td class=\"column-2\">\u26a0\ufe0f CON POTENCIOMETRO<br \/>\n<\/td>\n<\/tr>\n<tr class=\"row-20\">\n\t<td class=\"column-1\">Maderas claras<\/td><td class=\"column-2\">\u2705 SI<\/td>\n<\/tr>\n<tr class=\"row-21\">\n\t<td class=\"column-1\">Maderas obscuras<\/td><td class=\"column-2\">\u2705 SI<\/td>\n<\/tr>\n<tr class=\"row-22\">\n\t<td class=\"column-1\">Maderas h\u00famedas<\/td><td class=\"column-2\">\u2705 SI<\/td>\n<\/tr>\n<tr class=\"row-23\">\n\t<td class=\"column-1\">Tela Sint\u00e9tica<\/td><td class=\"column-2\">\u274c NO<\/td>\n<\/tr>\n<tr class=\"row-24\">\n\t<td class=\"column-1\">Tela Natural<\/td><td class=\"column-2\">\u26a0\ufe0f CON POTENCIOMETRO<br \/>\n<\/td>\n<\/tr>\n<tr class=\"row-25\">\n\t<td class=\"column-1\">Cuero<\/td><td class=\"column-2\">\u2705 SI<\/td>\n<\/tr>\n<\/tbody>\n<\/table>\n<!-- #tablepress-2 from cache -->\n","protected":false},"excerpt":{"rendered":"<p>Para marcar tarimas estufadas bajo la NOM-144-Semarnat-2004.<\/p>\n","protected":false},"featured_media":310,"comment_status":"open","ping_status":"closed","template":"","meta":{"_joinchat":[]},"product_brand":[],"product_cat":[30,22],"product_tag":[],"class_list":{"0":"post-172","1":"product","2":"type-product","3":"status-publish","4":"has-post-thumbnail","6":"product_cat-220-voltios","7":"product_cat-portatil","9":"first","10":"instock","11":"featured","12":"shipping-taxable","13":"product-type-simple"},"_links":{"self":[{"href":"https:\/\/brandertools.com\/inicio\/wp-json\/wp\/v2\/product\/172","targetHints":{"allow":["GET"]}}],"collection":[{"href":"https:\/\/brandertools.com\/inicio\/wp-json\/wp\/v2\/product"}],"about":[{"href":"https:\/\/brandertools.com\/inicio\/wp-json\/wp\/v2\/types\/product"}],"replies":[{"embeddable":true,"href":"https:\/\/brandertools.com\/inicio\/wp-json\/wp\/v2\/comments?post=172"}],"wp:featuredmedia":[{"embeddable":true,"href":"https:\/\/brandertools.com\/inicio\/wp-json\/wp\/v2\/media\/310"}],"wp:attachment":[{"href":"https:\/\/brandertools.com\/inicio\/wp-json\/wp\/v2\/media?parent=172"}],"wp:term":[{"taxonomy":"product_brand","embeddable":true,"href":"https:\/\/brandertools.com\/inicio\/wp-json\/wp\/v2\/product_brand?post=172"},{"taxonomy":"product_cat","embeddable":true,"href":"https:\/\/brandertools.com\/inicio\/wp-json\/wp\/v2\/product_cat?post=172"},{"taxonomy":"product_tag","embeddable":true,"href":"https:\/\/brandertools.com\/inicio\/wp-json\/wp\/v2\/product_tag?post=172"}],"curies":[{"name":"wp","href":"https:\/\/api.w.org\/{rel}","templated":true}]}}