{"id":170,"date":"2023-10-07T20:22:58","date_gmt":"2023-10-07T20:22:58","guid":{"rendered":"https:\/\/brandertools.com\/inicio\/?post_type=product&#038;p=170"},"modified":"2023-10-07T20:22:58","modified_gmt":"2023-10-07T20:22:58","slug":"troquel-cabezal-intercambiable-para-sello-fino","status":"publish","type":"product","link":"https:\/\/brandertools.com\/inicio\/product\/troquel-cabezal-intercambiable-para-sello-fino\/","title":{"rendered":"Troquel Cabezal Intercambiable para Sello Fino"},"content":{"rendered":"<p>Fabricaci\u00f3n de troquel con logotipo, dibujo o marca personal para herramientas de marcaje bajo pedido.<\/p>\n<p><strong>Compatible con las herramientas sello fino y estacion fina.<\/strong><\/p>\n<p>Tiempo de entrega: 2 semanas<br \/>\nUrgencia en 1 semana (costo extra)<\/p>\n<table>\n<tbody>\n<tr>\n<td>\u00c1rea del troquel<\/td>\n<td>7.5cm x 3cm \u00f3 4.5cm x 4.5cm<br \/>\n(\u00c1reas m\u00e1s grandes bajo cotizaci\u00f3n)<\/td>\n<\/tr>\n<tr>\n<td>Incluye<\/td>\n<td>\n<ul class=\"e-lista__componentes\">\n<li>Troquel de lat\u00f3n, con 2mm de profundidad del grabado<\/li>\n<\/ul>\n<\/td>\n<\/tr>\n<\/tbody>\n<\/table>\n","protected":false},"excerpt":{"rendered":"<p>Cabezal maquinado para Sello Fino, Estaci\u00f3n Fina y Sello a Fuego.<\/p>\n","protected":false},"featured_media":134,"comment_status":"open","ping_status":"closed","template":"","meta":{"_joinchat":[]},"product_brand":[],"product_cat":[24,25],"product_tag":[],"class_list":{"0":"post-170","1":"product","2":"type-product","3":"status-publish","4":"has-post-thumbnail","6":"product_cat-consumibles","7":"product_cat-troqueles","9":"first","10":"instock","11":"shipping-taxable","12":"product-type-simple"},"_links":{"self":[{"href":"https:\/\/brandertools.com\/inicio\/wp-json\/wp\/v2\/product\/170","targetHints":{"allow":["GET"]}}],"collection":[{"href":"https:\/\/brandertools.com\/inicio\/wp-json\/wp\/v2\/product"}],"about":[{"href":"https:\/\/brandertools.com\/inicio\/wp-json\/wp\/v2\/types\/product"}],"replies":[{"embeddable":true,"href":"https:\/\/brandertools.com\/inicio\/wp-json\/wp\/v2\/comments?post=170"}],"wp:featuredmedia":[{"embeddable":true,"href":"https:\/\/brandertools.com\/inicio\/wp-json\/wp\/v2\/media\/134"}],"wp:attachment":[{"href":"https:\/\/brandertools.com\/inicio\/wp-json\/wp\/v2\/media?parent=170"}],"wp:term":[{"taxonomy":"product_brand","embeddable":true,"href":"https:\/\/brandertools.com\/inicio\/wp-json\/wp\/v2\/product_brand?post=170"},{"taxonomy":"product_cat","embeddable":true,"href":"https:\/\/brandertools.com\/inicio\/wp-json\/wp\/v2\/product_cat?post=170"},{"taxonomy":"product_tag","embeddable":true,"href":"https:\/\/brandertools.com\/inicio\/wp-json\/wp\/v2\/product_tag?post=170"}],"curies":[{"name":"wp","href":"https:\/\/api.w.org\/{rel}","templated":true}]}}