{"id":169,"date":"2023-10-07T20:19:52","date_gmt":"2023-10-07T20:19:52","guid":{"rendered":"https:\/\/brandertools.com\/inicio\/?post_type=product&#038;p=169"},"modified":"2023-10-30T19:03:13","modified_gmt":"2023-10-30T19:03:13","slug":"troqueles-glifos-intercambiables-maquinados","status":"publish","type":"product","link":"https:\/\/brandertools.com\/inicio\/product\/troqueles-glifos-intercambiables-maquinados\/","title":{"rendered":"Troqueles Glifos Intercambiables Maquinados"},"content":{"rendered":"<p>Fabricaci\u00f3n de troqueles con n\u00fameros, letras y s\u00edmbolos para herramientas de marcaje bajo pedido.<\/p>\n<p>Para herramienta Sello riel y Fino foliador<\/p>\n<p>Tiempo de entrega: 2 semanas<br \/>\nUrgencia en 1 semana (costo extra)<\/p>\n","protected":false},"excerpt":{"rendered":"<p>Troqueles para grabado de n\u00fameros, letras y s\u00edmbolos en 3\/4&#8243; y 1\/4&#8243;.<\/p>\n","protected":false},"featured_media":303,"comment_status":"open","ping_status":"closed","template":"","meta":{"_joinchat":[]},"product_brand":[],"product_cat":[24,25],"product_tag":[],"class_list":{"0":"post-169","1":"product","2":"type-product","3":"status-publish","4":"has-post-thumbnail","6":"product_cat-consumibles","7":"product_cat-troqueles","9":"first","10":"instock","11":"shipping-taxable","12":"product-type-simple"},"_links":{"self":[{"href":"https:\/\/brandertools.com\/inicio\/wp-json\/wp\/v2\/product\/169","targetHints":{"allow":["GET"]}}],"collection":[{"href":"https:\/\/brandertools.com\/inicio\/wp-json\/wp\/v2\/product"}],"about":[{"href":"https:\/\/brandertools.com\/inicio\/wp-json\/wp\/v2\/types\/product"}],"replies":[{"embeddable":true,"href":"https:\/\/brandertools.com\/inicio\/wp-json\/wp\/v2\/comments?post=169"}],"wp:featuredmedia":[{"embeddable":true,"href":"https:\/\/brandertools.com\/inicio\/wp-json\/wp\/v2\/media\/303"}],"wp:attachment":[{"href":"https:\/\/brandertools.com\/inicio\/wp-json\/wp\/v2\/media?parent=169"}],"wp:term":[{"taxonomy":"product_brand","embeddable":true,"href":"https:\/\/brandertools.com\/inicio\/wp-json\/wp\/v2\/product_brand?post=169"},{"taxonomy":"product_cat","embeddable":true,"href":"https:\/\/brandertools.com\/inicio\/wp-json\/wp\/v2\/product_cat?post=169"},{"taxonomy":"product_tag","embeddable":true,"href":"https:\/\/brandertools.com\/inicio\/wp-json\/wp\/v2\/product_tag?post=169"}],"curies":[{"name":"wp","href":"https:\/\/api.w.org\/{rel}","templated":true}]}}