{"id":168,"date":"2023-10-07T20:16:44","date_gmt":"2023-10-07T20:16:44","guid":{"rendered":"https:\/\/brandertools.com\/inicio\/?post_type=product&#038;p=168"},"modified":"2023-10-30T19:09:52","modified_gmt":"2023-10-30T19:09:52","slug":"troquel-cabezal-para-riel-y-orbital","status":"publish","type":"product","link":"https:\/\/brandertools.com\/inicio\/product\/troquel-cabezal-para-riel-y-orbital\/","title":{"rendered":"Troquel Cabezal para Riel y Orbital"},"content":{"rendered":"<p>Fabricaci\u00f3n de troquel con logotipo, dibujo o marca personal para herramientas de marcaje bajo pedido.<\/p>\n<p>Para herramienta Sello riel y Sello orbital<\/p>\n<p>Tiempo de entrega: 2 semanas<br \/>\nUrgencia en 1 semana (costo extra)<\/p>\n<table>\n<tbody>\n<tr>\n<td>\u00c1rea del troquel<\/td>\n<td>7.5cm x 3cm<br \/>\n(\u00c1reas m\u00e1s grandes bajo cotizaci\u00f3n)<\/td>\n<\/tr>\n<tr>\n<td>Incluye<\/td>\n<td>\n<ul class=\"e-lista__componentes\">\n<li>Troquel de lat\u00f3n, con 2mm de profundidad del grabado<\/li>\n<\/ul>\n<\/td>\n<\/tr>\n<\/tbody>\n<\/table>\n","protected":false},"excerpt":{"rendered":"<p>Troqueles para grabado de logotipo, compatible con el Sello de Riel y Sello Orbital.<\/p>\n","protected":false},"featured_media":311,"comment_status":"open","ping_status":"closed","template":"","meta":{"_joinchat":[]},"product_brand":[],"product_cat":[15],"product_tag":[],"class_list":{"0":"post-168","1":"product","2":"type-product","3":"status-publish","4":"has-post-thumbnail","6":"product_cat-uncategorized","8":"first","9":"instock","10":"shipping-taxable","11":"product-type-simple"},"_links":{"self":[{"href":"https:\/\/brandertools.com\/inicio\/wp-json\/wp\/v2\/product\/168","targetHints":{"allow":["GET"]}}],"collection":[{"href":"https:\/\/brandertools.com\/inicio\/wp-json\/wp\/v2\/product"}],"about":[{"href":"https:\/\/brandertools.com\/inicio\/wp-json\/wp\/v2\/types\/product"}],"replies":[{"embeddable":true,"href":"https:\/\/brandertools.com\/inicio\/wp-json\/wp\/v2\/comments?post=168"}],"wp:featuredmedia":[{"embeddable":true,"href":"https:\/\/brandertools.com\/inicio\/wp-json\/wp\/v2\/media\/311"}],"wp:attachment":[{"href":"https:\/\/brandertools.com\/inicio\/wp-json\/wp\/v2\/media?parent=168"}],"wp:term":[{"taxonomy":"product_brand","embeddable":true,"href":"https:\/\/brandertools.com\/inicio\/wp-json\/wp\/v2\/product_brand?post=168"},{"taxonomy":"product_cat","embeddable":true,"href":"https:\/\/brandertools.com\/inicio\/wp-json\/wp\/v2\/product_cat?post=168"},{"taxonomy":"product_tag","embeddable":true,"href":"https:\/\/brandertools.com\/inicio\/wp-json\/wp\/v2\/product_tag?post=168"}],"curies":[{"name":"wp","href":"https:\/\/api.w.org\/{rel}","templated":true}]}}