{"id":167,"date":"2023-10-07T20:12:36","date_gmt":"2023-10-07T20:12:36","guid":{"rendered":"https:\/\/brandertools.com\/inicio\/?post_type=product&#038;p=167"},"modified":"2023-10-07T20:12:36","modified_gmt":"2023-10-07T20:12:36","slug":"resistencias-electricas-de-cartucho-a-medida","status":"publish","type":"product","link":"https:\/\/brandertools.com\/inicio\/product\/resistencias-electricas-de-cartucho-a-medida\/","title":{"rendered":"Resistencias el\u00e9ctricas de cartucho a medida"},"content":{"rendered":"<p>Resistencias tipo cartucho de alto rendimiento.<\/p>\n","protected":false},"excerpt":{"rendered":"<p>Resistencias tipo cartucho de l\u00ednea como refacci\u00f3n o bajo especificaci\u00f3n del cliente.<\/p>\n","protected":false},"featured_media":123,"comment_status":"open","ping_status":"closed","template":"","meta":{"_joinchat":[]},"product_brand":[],"product_cat":[29,30,24],"product_tag":[],"class_list":{"0":"post-167","1":"product","2":"type-product","3":"status-publish","4":"has-post-thumbnail","6":"product_cat-110-voltios","7":"product_cat-220-voltios","8":"product_cat-consumibles","10":"first","11":"instock","12":"shipping-taxable","13":"product-type-simple"},"_links":{"self":[{"href":"https:\/\/brandertools.com\/inicio\/wp-json\/wp\/v2\/product\/167","targetHints":{"allow":["GET"]}}],"collection":[{"href":"https:\/\/brandertools.com\/inicio\/wp-json\/wp\/v2\/product"}],"about":[{"href":"https:\/\/brandertools.com\/inicio\/wp-json\/wp\/v2\/types\/product"}],"replies":[{"embeddable":true,"href":"https:\/\/brandertools.com\/inicio\/wp-json\/wp\/v2\/comments?post=167"}],"wp:featuredmedia":[{"embeddable":true,"href":"https:\/\/brandertools.com\/inicio\/wp-json\/wp\/v2\/media\/123"}],"wp:attachment":[{"href":"https:\/\/brandertools.com\/inicio\/wp-json\/wp\/v2\/media?parent=167"}],"wp:term":[{"taxonomy":"product_brand","embeddable":true,"href":"https:\/\/brandertools.com\/inicio\/wp-json\/wp\/v2\/product_brand?post=167"},{"taxonomy":"product_cat","embeddable":true,"href":"https:\/\/brandertools.com\/inicio\/wp-json\/wp\/v2\/product_cat?post=167"},{"taxonomy":"product_tag","embeddable":true,"href":"https:\/\/brandertools.com\/inicio\/wp-json\/wp\/v2\/product_tag?post=167"}],"curies":[{"name":"wp","href":"https:\/\/api.w.org\/{rel}","templated":true}]}}