{"id":161,"date":"2023-10-07T18:44:29","date_gmt":"2023-10-07T18:44:29","guid":{"rendered":"https:\/\/brandertools.com\/inicio\/?post_type=product&#038;p=161"},"modified":"2023-10-30T18:55:22","modified_gmt":"2023-10-30T18:55:22","slug":"sello-pirograbador-fino-foliador-electrico","status":"publish","type":"product","link":"https:\/\/brandertools.com\/inicio\/product\/sello-pirograbador-fino-foliador-electrico\/","title":{"rendered":"Sello Pirograbador Fino Foliador El\u00e9ctrico"},"content":{"rendered":"<p>Herramienta para trabajos ligeros de piezas intercambiables ideal para marcar n\u00fameros de serie, fecha, procedencia y logotipos en productos de madera y pl\u00e1stico.<\/p>\n<p>Con dise\u00f1o peque\u00f1o y ligero que evita fatiga.<\/p>\n<p>La herramienta incluye un set de 10 glifos (n\u00fameros del 0 al 9) de 6mm.<\/p>\n<p>El troquel es intercambiable. Fabricaci\u00f3n de troqueles extra (n\u00fameros, letras y s\u00edmbolos) se venden bajo pedido.<\/p>\n<p>Requiere de Potenci\u00f3metro para regular la temperatura para marcar pl\u00e1sticos o pan.<\/p>\n<p>Tiempo de entrega: 2 semanas<br \/>\nUrgencia en 1 semana (costo extra)<\/p>\n<table>\n<tbody>\n<tr>\n<td>\u00c1rea del receptor<\/td>\n<td>Espacio para 5 u 8 troqueles, con caracter de 1\/4&#8243; de alto<\/td>\n<\/tr>\n<tr>\n<td>Peso aprox.<\/td>\n<td>250grs<\/td>\n<\/tr>\n<tr>\n<td>Incluye<\/td>\n<td>\n<ul class=\"e-lista__componentes\">\n<li>Receptor de acero y 10 troqueles de lat\u00f3n, con 2mm de profundidad del grabado<\/li>\n<li>Herramienta tipo caut\u00edn a 110v<\/li>\n<\/ul>\n<\/td>\n<\/tr>\n<\/tbody>\n<\/table>\n","protected":false},"excerpt":{"rendered":"<p>Serializa objetos o espacios peque\u00f1os con este instrumento de piezas intercambiables.<\/p>\n","protected":false},"featured_media":300,"comment_status":"open","ping_status":"closed","template":"","meta":{"_joinchat":[]},"product_brand":[],"product_cat":[29,22],"product_tag":[],"class_list":{"0":"post-161","1":"product","2":"type-product","3":"status-publish","4":"has-post-thumbnail","6":"product_cat-110-voltios","7":"product_cat-portatil","9":"first","10":"instock","11":"shipping-taxable","12":"product-type-simple"},"_links":{"self":[{"href":"https:\/\/brandertools.com\/inicio\/wp-json\/wp\/v2\/product\/161","targetHints":{"allow":["GET"]}}],"collection":[{"href":"https:\/\/brandertools.com\/inicio\/wp-json\/wp\/v2\/product"}],"about":[{"href":"https:\/\/brandertools.com\/inicio\/wp-json\/wp\/v2\/types\/product"}],"replies":[{"embeddable":true,"href":"https:\/\/brandertools.com\/inicio\/wp-json\/wp\/v2\/comments?post=161"}],"wp:featuredmedia":[{"embeddable":true,"href":"https:\/\/brandertools.com\/inicio\/wp-json\/wp\/v2\/media\/300"}],"wp:attachment":[{"href":"https:\/\/brandertools.com\/inicio\/wp-json\/wp\/v2\/media?parent=161"}],"wp:term":[{"taxonomy":"product_brand","embeddable":true,"href":"https:\/\/brandertools.com\/inicio\/wp-json\/wp\/v2\/product_brand?post=161"},{"taxonomy":"product_cat","embeddable":true,"href":"https:\/\/brandertools.com\/inicio\/wp-json\/wp\/v2\/product_cat?post=161"},{"taxonomy":"product_tag","embeddable":true,"href":"https:\/\/brandertools.com\/inicio\/wp-json\/wp\/v2\/product_tag?post=161"}],"curies":[{"name":"wp","href":"https:\/\/api.w.org\/{rel}","templated":true}]}}