{"id":159,"date":"2023-10-06T20:56:35","date_gmt":"2023-10-06T20:56:35","guid":{"rendered":"https:\/\/brandertools.com\/inicio\/?post_type=product&#038;p=159"},"modified":"2024-04-11T19:08:18","modified_gmt":"2024-04-11T19:08:18","slug":"sello-caliente-fino-electrico","status":"publish","type":"product","link":"https:\/\/brandertools.com\/inicio\/product\/sello-caliente-fino-electrico\/","title":{"rendered":"Sello Caliente Fino El\u00e9ctrico 300W"},"content":{"rendered":"<p>Ideal para marcar pan, carne, elementos de madera, ropa, telas y cuero, libros y cuadernos, cart\u00f3n, bater\u00edas, m\u00f3dems, teclados y otros elementos de pl\u00e1stico.<\/p>\n<p>La herramienta incluye un troquel con tu dise\u00f1o en medida de 4.5 x 4.5 cm \u00f3 7 x 3 cm.<\/p>\n<p>El troquel es intercambiable.\u00a0Cada troquel extra cuesta una fracci\u00f3n del precio de la herramienta.<\/p>\n<p>&nbsp;<\/p>\n<h2>Manual de usuario<\/h2>\n<p><a href=\"https:\/\/brandertools.com\/inicio\/wp-content\/uploads\/2023\/10\/2024-04-manual_sello_fino_110V.pdf\">Descargar &#8220;[2024-04] manual_sello_fino_110V&#8221;<\/a><\/p>\n<p>&nbsp;<\/p>\n<h2 id=\"tablepress-4-name\" class=\"tablepress-table-name tablepress-table-name-id-4\">Ficha T\u00e9cnica Sello Fino 300W<\/h2>\n\n<table id=\"tablepress-4\" class=\"tablepress tablepress-id-4\" aria-labelledby=\"tablepress-4-name\">\n<tbody class=\"row-striping row-hover\">\n<tr class=\"row-1\">\n\t<td class=\"column-1\"><img decoding=\"async\" src=\"http:\/\/brandertools.com\/inicio\/wp-content\/uploads\/2023\/10\/sellofino4-150x150.png\" alt=\"Sello fino tipo caut\u00edvate el\u00e9ctrico para termograbado\" width=\"150\" height=\"150\" class=\"size-thumbnail wp-image-109\" srcset=\"https:\/\/brandertools.com\/inicio\/wp-content\/uploads\/2023\/10\/sellofino4-150x150.png 150w, https:\/\/brandertools.com\/inicio\/wp-content\/uploads\/2023\/10\/sellofino4-300x300.png 300w, https:\/\/brandertools.com\/inicio\/wp-content\/uploads\/2023\/10\/sellofino4-100x100.png 100w\" sizes=\"(max-width: 150px) 100vw, 150px\" \/><\/td><td class=\"column-2\"><\/td>\n<\/tr>\n<tr class=\"row-2\">\n\t<td class=\"column-1\">Peso<\/td><td class=\"column-2\">550 gr<\/td>\n<\/tr>\n<tr class=\"row-3\">\n\t<td class=\"column-1\">Medidas generales<\/td><td class=\"column-2\">80mm x 50mm x 340mm<\/td>\n<\/tr>\n<tr class=\"row-4\">\n\t<td class=\"column-1\">\u00c1rea est\u00e1ndar del troquel<\/td><td class=\"column-2\">3\u2033 x 1.15\u2033 (7.5cm x 3cm) Personalizable<\/td>\n<\/tr>\n<tr class=\"row-5\">\n\t<td class=\"column-1\">Profundidad de grabado de troquel<\/td><td class=\"column-2\">2mm<\/td>\n<\/tr>\n<tr class=\"row-6\">\n\t<td class=\"column-1\">Longitud de cable<\/td><td class=\"column-2\">1.30 m<\/td>\n<\/tr>\n<tr class=\"row-7\">\n\t<td class=\"column-1\">Conector el\u00e9ctrico<\/td><td class=\"column-2\">Plug Tipo A<\/td>\n<\/tr>\n<tr class=\"row-8\">\n\t<td class=\"column-1\">Potencia<\/td><td class=\"column-2\">300W<\/td>\n<\/tr>\n<tr class=\"row-9\">\n\t<td class=\"column-1\">Tensi\u00f3n<\/td><td class=\"column-2\">110V~120V<\/td>\n<\/tr>\n<tr class=\"row-10\">\n\t<td class=\"column-1\">Consumibles<\/td><td class=\"column-2\">Ninguno<\/td>\n<\/tr>\n<tr class=\"row-11\">\n\t<td class=\"column-1\"><h4>Tiempo de calentamiento<\/h4><\/td><td class=\"column-2\"><h4>Temperatura alcanzada previo al uso<\/h4><\/td>\n<\/tr>\n<tr class=\"row-12\">\n\t<td class=\"column-1\">5 minutos<\/td><td class=\"column-2\">120\u00baC<\/td>\n<\/tr>\n<tr class=\"row-13\">\n\t<td class=\"column-1\">10 minutos<\/td><td class=\"column-2\">160\u00baC<\/td>\n<\/tr>\n<tr class=\"row-14\">\n\t<td class=\"column-1\">15 minutos<\/td><td class=\"column-2\">190\u00baC<\/td>\n<\/tr>\n<tr class=\"row-15\">\n\t<td class=\"column-1\">Temperatura m\u00e1xima<\/td><td class=\"column-2\">210\u00baC<\/td>\n<\/tr>\n<tr class=\"row-16\">\n\t<td class=\"column-1\"><h4>Aplicaciones<\/h4><\/td><td class=\"column-2\"><h4>Recomendaci\u00f3n<\/h4><\/td>\n<\/tr>\n<tr class=\"row-17\">\n\t<td class=\"column-1\">Plastico delgado\t<\/td><td class=\"column-2\">\u26a0\ufe0f CON POTENCIOMETRO<br \/>\n<\/td>\n<\/tr>\n<tr class=\"row-18\">\n\t<td class=\"column-1\">Plastico grueso\t<\/td><td class=\"column-2\">\u2705 SI<\/td>\n<\/tr>\n<tr class=\"row-19\">\n\t<td class=\"column-1\">Maderas claras<\/td><td class=\"column-2\">\u2705 SI<\/td>\n<\/tr>\n<tr class=\"row-20\">\n\t<td class=\"column-1\">Maderas obscuras<\/td><td class=\"column-2\">\u26a0\ufe0f BAJA PRODUCCI\u00d3N<\/td>\n<\/tr>\n<tr class=\"row-21\">\n\t<td class=\"column-1\">Maderas h\u00famedas<\/td><td class=\"column-2\">\u274c NO<\/td>\n<\/tr>\n<tr class=\"row-22\">\n\t<td class=\"column-1\">Tela Sint\u00e9tica<\/td><td class=\"column-2\">\u26a0\ufe0f CON POTENCIOMETRO<br \/>\n<\/td>\n<\/tr>\n<tr class=\"row-23\">\n\t<td class=\"column-1\">Tela Natural<\/td><td class=\"column-2\">\u2705 SI<\/td>\n<\/tr>\n<tr class=\"row-24\">\n\t<td class=\"column-1\">Cuero<\/td><td class=\"column-2\">\u2705 SI<\/td>\n<\/tr>\n<\/tbody>\n<\/table>\n<!-- #tablepress-4 from cache -->\n","protected":false},"excerpt":{"rendered":"<p>Herramienta para tirajes medianos, en piezas de todos tama\u00f1os, con un dise\u00f1o peque\u00f1o y ligero que evita fatiga.<\/p>\n","protected":false},"featured_media":113,"comment_status":"open","ping_status":"closed","template":"","meta":{"_joinchat":[]},"product_brand":[],"product_cat":[29,22],"product_tag":[],"class_list":{"0":"post-159","1":"product","2":"type-product","3":"status-publish","4":"has-post-thumbnail","6":"product_cat-110-voltios","7":"product_cat-portatil","9":"first","10":"instock","11":"featured","12":"shipping-taxable","13":"product-type-simple"},"_links":{"self":[{"href":"https:\/\/brandertools.com\/inicio\/wp-json\/wp\/v2\/product\/159","targetHints":{"allow":["GET"]}}],"collection":[{"href":"https:\/\/brandertools.com\/inicio\/wp-json\/wp\/v2\/product"}],"about":[{"href":"https:\/\/brandertools.com\/inicio\/wp-json\/wp\/v2\/types\/product"}],"replies":[{"embeddable":true,"href":"https:\/\/brandertools.com\/inicio\/wp-json\/wp\/v2\/comments?post=159"}],"wp:featuredmedia":[{"embeddable":true,"href":"https:\/\/brandertools.com\/inicio\/wp-json\/wp\/v2\/media\/113"}],"wp:attachment":[{"href":"https:\/\/brandertools.com\/inicio\/wp-json\/wp\/v2\/media?parent=159"}],"wp:term":[{"taxonomy":"product_brand","embeddable":true,"href":"https:\/\/brandertools.com\/inicio\/wp-json\/wp\/v2\/product_brand?post=159"},{"taxonomy":"product_cat","embeddable":true,"href":"https:\/\/brandertools.com\/inicio\/wp-json\/wp\/v2\/product_cat?post=159"},{"taxonomy":"product_tag","embeddable":true,"href":"https:\/\/brandertools.com\/inicio\/wp-json\/wp\/v2\/product_tag?post=159"}],"curies":[{"name":"wp","href":"https:\/\/api.w.org\/{rel}","templated":true}]}}