{"id":158,"date":"2023-10-06T20:49:52","date_gmt":"2023-10-06T20:49:52","guid":{"rendered":"https:\/\/brandertools.com\/inicio\/?post_type=product&#038;p=158"},"modified":"2023-10-21T18:39:02","modified_gmt":"2023-10-21T18:39:02","slug":"sello-fino-para-calentar-con-fuego","status":"publish","type":"product","link":"https:\/\/brandertools.com\/inicio\/product\/sello-fino-para-calentar-con-fuego\/","title":{"rendered":"Sello Fino para Calentar con Fuego"},"content":{"rendered":"<p>Herramienta para trabajos ligeros en materiales suaves. No requiere de electricidad, basta con colocarlo cerca del fuego o sobre una plancha o comal, practico para interiores de cocinas.<\/p>\n<p>La herramienta incluye un troquel con tu dise\u00f1o de 4.5 x 4.5 cm \u00f3 7 x 3 cm.<\/p>\n<p>Tiempo de entrega: 2 semanas<br \/>\nUrgencia en 1 semana (costo extra)<\/p>\n<table>\n<tbody>\n<tr>\n<td>\u00c1rea del troquel<\/td>\n<td>7.5cm x 3cm \u00f3 4.5cm x 4.5cm<br \/>\n(\u00c1reas m\u00e1s grandes bajo cotizaci\u00f3n)<\/td>\n<\/tr>\n<tr>\n<td>Peso aprox.<\/td>\n<td>250grs<\/td>\n<\/tr>\n<tr>\n<td>Incluye<\/td>\n<td>\n<ul class=\"e-lista__componentes\">\n<li>Troquel de lat\u00f3n, con 2mm de profundidad del grabado<\/li>\n<li>Mango met\u00e1lico<\/li>\n<\/ul>\n<\/td>\n<\/tr>\n<\/tbody>\n<\/table>\n","protected":false},"excerpt":{"rendered":"<p>Herramienta perfecta para alimentos en cocina.<\/p>\n","protected":false},"featured_media":276,"comment_status":"open","ping_status":"closed","template":"","meta":{"_joinchat":[]},"product_brand":[],"product_cat":[31,22],"product_tag":[],"class_list":{"0":"post-158","1":"product","2":"type-product","3":"status-publish","4":"has-post-thumbnail","6":"product_cat-a-fuego","7":"product_cat-portatil","9":"first","10":"instock","11":"shipping-taxable","12":"product-type-simple"},"_links":{"self":[{"href":"https:\/\/brandertools.com\/inicio\/wp-json\/wp\/v2\/product\/158","targetHints":{"allow":["GET"]}}],"collection":[{"href":"https:\/\/brandertools.com\/inicio\/wp-json\/wp\/v2\/product"}],"about":[{"href":"https:\/\/brandertools.com\/inicio\/wp-json\/wp\/v2\/types\/product"}],"replies":[{"embeddable":true,"href":"https:\/\/brandertools.com\/inicio\/wp-json\/wp\/v2\/comments?post=158"}],"wp:featuredmedia":[{"embeddable":true,"href":"https:\/\/brandertools.com\/inicio\/wp-json\/wp\/v2\/media\/276"}],"wp:attachment":[{"href":"https:\/\/brandertools.com\/inicio\/wp-json\/wp\/v2\/media?parent=158"}],"wp:term":[{"taxonomy":"product_brand","embeddable":true,"href":"https:\/\/brandertools.com\/inicio\/wp-json\/wp\/v2\/product_brand?post=158"},{"taxonomy":"product_cat","embeddable":true,"href":"https:\/\/brandertools.com\/inicio\/wp-json\/wp\/v2\/product_cat?post=158"},{"taxonomy":"product_tag","embeddable":true,"href":"https:\/\/brandertools.com\/inicio\/wp-json\/wp\/v2\/product_tag?post=158"}],"curies":[{"name":"wp","href":"https:\/\/api.w.org\/{rel}","templated":true}]}}